{"id":12,"date":"2021-10-22T21:46:38","date_gmt":"2021-10-22T21:46:38","guid":{"rendered":"http:\/\/dachpol.cz\/blog\/?page_id=12"},"modified":"2023-02-11T12:33:32","modified_gmt":"2023-02-11T12:33:32","slug":"kontakt","status":"publish","type":"page","link":"https:\/\/dachpol.cz\/blog\/kontakt\/","title":{"rendered":"Kontakt"},"content":{"rendered":"\n<pre class=\"wp-block-verse has-medium-font-size\"><strong>Dachpol spol, s r.o. \nObce Le\u017e\u00e1k\u016f ev. \u010d. 296\nChrudim<\/strong><\/pre>\n\n\n\n<figure class=\"wp-block-image size-large is-resized\"><img loading=\"lazy\" src=\"https:\/\/dachpol.cz\/blog\/wp-content\/uploads\/2023\/02\/DJI_0357-1024x576.jpg\" alt=\"Prodejna st\u0159ech Chrudim\" class=\"wp-image-518\" width=\"1024\" height=\"576\" srcset=\"https:\/\/dachpol.cz\/blog\/wp-content\/uploads\/2023\/02\/DJI_0357-1024x576.jpg 1024w, https:\/\/dachpol.cz\/blog\/wp-content\/uploads\/2023\/02\/DJI_0357-300x169.jpg 300w, https:\/\/dachpol.cz\/blog\/wp-content\/uploads\/2023\/02\/DJI_0357-768x432.jpg 768w, https:\/\/dachpol.cz\/blog\/wp-content\/uploads\/2023\/02\/DJI_0357-1536x864.jpg 1536w, https:\/\/dachpol.cz\/blog\/wp-content\/uploads\/2023\/02\/DJI_0357-2048x1152.jpg 2048w, https:\/\/dachpol.cz\/blog\/wp-content\/uploads\/2023\/02\/DJI_0357-107x60.jpg 107w, https:\/\/dachpol.cz\/blog\/wp-content\/uploads\/2023\/02\/DJI_0357-840x473.jpg 840w\" sizes=\"(max-width: 1024px) 100vw, 1024px\" \/><figcaption><strong><span class=\"has-inline-color has-black-color\">Prodejna v Chrudimi<\/span><\/strong><\/figcaption><\/figure>\n\n\n\n<ul class=\"wp-block-social-links aligncenter has-large-icon-size is-style-default\">\n\n<li class=\"wp-social-link wp-social-link-facebook wp-block-social-link\"><a href=\"https:\/\/www.facebook.com\/strechydachpol\" aria-label=\"Facebook: https:\/\/www.facebook.com\/strechydachpol\"  class=\"wp-block-social-link-anchor\"> <svg width=\"24\" height=\"24\" viewBox=\"0 0 24 24\" version=\"1.1\" xmlns=\"http:\/\/www.w3.org\/2000\/svg\" role=\"img\" aria-hidden=\"true\" focusable=\"false\"><path d=\"M12 2C6.5 2 2 6.5 2 12c0 5 3.7 9.1 8.4 9.9v-7H7.9V12h2.5V9.8c0-2.5 1.5-3.9 3.8-3.9 1.1 0 2.2.2 2.2.2v2.5h-1.3c-1.2 0-1.6.8-1.6 1.6V12h2.8l-.4 2.9h-2.3v7C18.3 21.1 22 17 22 12c0-5.5-4.5-10-10-10z\"><\/path><\/svg><\/a><\/li>\n\n<li class=\"wp-social-link wp-social-link-youtube wp-block-social-link\"><a href=\"https:\/\/www.youtube.com\/channel\/UCuxprQllYmB8NvWdiDHoUzg\" aria-label=\"YouTube: https:\/\/www.youtube.com\/channel\/UCuxprQllYmB8NvWdiDHoUzg\"  class=\"wp-block-social-link-anchor\"> <svg width=\"24\" height=\"24\" viewBox=\"0 0 24 24\" version=\"1.1\" xmlns=\"http:\/\/www.w3.org\/2000\/svg\" role=\"img\" aria-hidden=\"true\" focusable=\"false\"><path d=\"M21.8,8.001c0,0-0.195-1.378-0.795-1.985c-0.76-0.797-1.613-0.801-2.004-0.847c-2.799-0.202-6.997-0.202-6.997-0.202 h-0.009c0,0-4.198,0-6.997,0.202C4.608,5.216,3.756,5.22,2.995,6.016C2.395,6.623,2.2,8.001,2.2,8.001S2,9.62,2,11.238v1.517 c0,1.618,0.2,3.237,0.2,3.237s0.195,1.378,0.795,1.985c0.761,0.797,1.76,0.771,2.205,0.855c1.6,0.153,6.8,0.201,6.8,0.201 s4.203-0.006,7.001-0.209c0.391-0.047,1.243-0.051,2.004-0.847c0.6-0.607,0.795-1.985,0.795-1.985s0.2-1.618,0.2-3.237v-1.517 C22,9.62,21.8,8.001,21.8,8.001z M9.935,14.594l-0.001-5.62l5.404,2.82L9.935,14.594z\"><\/path><\/svg><\/a><\/li>\n\n<\/ul>\n\n\n\t\t<div id=\"wpmapblock_0\" data-settings='{&quot;map_marker&quot;:[{&quot;lat&quot;:&quot;49.9312619&quot;,&quot;lng&quot;:&quot;15.8016377&quot;,&quot;title&quot;:&quot;Odborn\\u00e1 prodejna DACHPOL&quot;,&quot;content&quot;:&quot;Obce Le\\u017e\\u00e1k\\u016f ev. \\u010d. 296 Chrudim &quot;,&quot;iconType&quot;:&quot;default&quot;,&quot;customIconUrl&quot;:&quot;&quot;,&quot;customIconWidth&quot;:&quot;25&quot;,&quot;customIconHeight&quot;:&quot;40&quot;}],&quot;map_zoom&quot;:10,&quot;scroll_wheel_zoom&quot;:false,&quot;map_type&quot;:&quot;GM&quot;,&quot;center_index&quot;:0}' class=\"wpmapblockrender\" style=\"\n\t\t\twidth: 100%;\n\t\t\theight: 400px;\n\t\t\"><\/div>\n        \n\n\n<figure class=\"wp-block-embed is-type-video is-provider-youtube wp-block-embed-youtube wp-embed-aspect-16-9 wp-has-aspect-ratio\"><div class=\"wp-block-embed__wrapper\">\n<iframe loading=\"lazy\" title=\"Producent pokry\u0107 dachowych DACHPOL\" width=\"840\" height=\"473\" src=\"https:\/\/www.youtube.com\/embed\/6IH6mug1erM?feature=oembed\" frameborder=\"0\" allow=\"accelerometer; autoplay; clipboard-write; encrypted-media; gyroscope; picture-in-picture; web-share\" allowfullscreen><\/iframe>\n<\/div><\/figure>\n\n\n\n<figure class=\"wp-block-image size-large is-resized\"><img loading=\"lazy\" src=\"https:\/\/dachpol.cz\/blog\/wp-content\/uploads\/2023\/02\/dsc_0303-1024x680.jpg\" alt=\"\" class=\"wp-image-521\" width=\"1024\" height=\"680\" srcset=\"https:\/\/dachpol.cz\/blog\/wp-content\/uploads\/2023\/02\/dsc_0303-1024x680.jpg 1024w, https:\/\/dachpol.cz\/blog\/wp-content\/uploads\/2023\/02\/dsc_0303-300x199.jpg 300w, https:\/\/dachpol.cz\/blog\/wp-content\/uploads\/2023\/02\/dsc_0303-768x510.jpg 768w, https:\/\/dachpol.cz\/blog\/wp-content\/uploads\/2023\/02\/dsc_0303-90x60.jpg 90w, https:\/\/dachpol.cz\/blog\/wp-content\/uploads\/2023\/02\/dsc_0303-800x530.jpg 800w, https:\/\/dachpol.cz\/blog\/wp-content\/uploads\/2023\/02\/dsc_0303-420x280.jpg 420w, https:\/\/dachpol.cz\/blog\/wp-content\/uploads\/2023\/02\/dsc_0303.jpg 1200w\" sizes=\"(max-width: 1024px) 100vw, 1024px\" \/><figcaption><strong><span class=\"has-inline-color has-black-color\">Svitky p\u0159ed skladem Z\u00e1mos\u0107<\/span><\/strong><\/figcaption><\/figure>\n\n\n<p>&nbsp;<\/p>\n<p>&nbsp;<\/p>","protected":false},"excerpt":{"rendered":"<p>Dachpol spol, s r.o. Obce Le\u017e\u00e1k\u016f ev. \u010d. 296 Chrudim &nbsp; &nbsp;<\/p>\n","protected":false},"author":1,"featured_media":0,"parent":0,"menu_order":0,"comment_status":"closed","ping_status":"closed","template":"","meta":{"ngg_post_thumbnail":0},"yoast_head":"<!-- This site is optimized with the Yoast SEO plugin v17.9 - https:\/\/yoast.com\/wordpress\/plugins\/seo\/ -->\n<title>Kontakt - Dachpol - st\u0159echy z oceli<\/title>\n<meta name=\"robots\" content=\"index, follow, max-snippet:-1, max-image-preview:large, max-video-preview:-1\" \/>\n<link rel=\"canonical\" href=\"https:\/\/dachpol.cz\/blog\/kontakt\/\" \/>\n<meta property=\"og:locale\" content=\"cs_CZ\" \/>\n<meta property=\"og:type\" content=\"article\" \/>\n<meta property=\"og:title\" content=\"Kontakt - Dachpol - st\u0159echy z oceli\" \/>\n<meta property=\"og:description\" content=\"Dachpol spol, s r.o. Obce Le\u017e\u00e1k\u016f ev. \u010d. 296 Chrudim &nbsp; &nbsp;\" \/>\n<meta property=\"og:url\" content=\"https:\/\/dachpol.cz\/blog\/kontakt\/\" \/>\n<meta property=\"og:site_name\" content=\"Dachpol - st\u0159echy z oceli\" \/>\n<meta property=\"article:modified_time\" content=\"2023-02-11T12:33:32+00:00\" \/>\n<meta property=\"og:image\" content=\"https:\/\/dachpol.cz\/blog\/wp-content\/uploads\/2023\/02\/DJI_0357-1024x576.jpg\" \/>\n<meta name=\"twitter:card\" content=\"summary_large_image\" \/>\n<meta name=\"twitter:label1\" content=\"Odhadovan\u00e1 doba \u010dten\u00ed\" \/>\n\t<meta name=\"twitter:data1\" content=\"1 minuta\" \/>\n<script type=\"application\/ld+json\" class=\"yoast-schema-graph\">{\"@context\":\"https:\/\/schema.org\",\"@graph\":[{\"@type\":\"WebSite\",\"@id\":\"https:\/\/dachpol.cz\/blog\/#website\",\"url\":\"https:\/\/dachpol.cz\/blog\/\",\"name\":\"Dachpol - st\\u0159echy z oceli\",\"description\":\"St\\u0159echa\\u0159sk\\u00e9 rady a porady\",\"potentialAction\":[{\"@type\":\"SearchAction\",\"target\":{\"@type\":\"EntryPoint\",\"urlTemplate\":\"https:\/\/dachpol.cz\/blog\/?s={search_term_string}\"},\"query-input\":\"required name=search_term_string\"}],\"inLanguage\":\"cs\"},{\"@type\":\"ImageObject\",\"@id\":\"https:\/\/dachpol.cz\/blog\/kontakt\/#primaryimage\",\"inLanguage\":\"cs\",\"url\":\"https:\/\/dachpol.cz\/blog\/wp-content\/uploads\/2023\/02\/DJI_0357-scaled.jpg\",\"contentUrl\":\"https:\/\/dachpol.cz\/blog\/wp-content\/uploads\/2023\/02\/DJI_0357-scaled.jpg\",\"width\":2560,\"height\":1440,\"caption\":\"DCIM\\\\100MEDIA\\\\DJI_0357.JPG\"},{\"@type\":\"WebPage\",\"@id\":\"https:\/\/dachpol.cz\/blog\/kontakt\/#webpage\",\"url\":\"https:\/\/dachpol.cz\/blog\/kontakt\/\",\"name\":\"Kontakt - Dachpol - st\\u0159echy z oceli\",\"isPartOf\":{\"@id\":\"https:\/\/dachpol.cz\/blog\/#website\"},\"primaryImageOfPage\":{\"@id\":\"https:\/\/dachpol.cz\/blog\/kontakt\/#primaryimage\"},\"datePublished\":\"2021-10-22T21:46:38+00:00\",\"dateModified\":\"2023-02-11T12:33:32+00:00\",\"breadcrumb\":{\"@id\":\"https:\/\/dachpol.cz\/blog\/kontakt\/#breadcrumb\"},\"inLanguage\":\"cs\",\"potentialAction\":[{\"@type\":\"ReadAction\",\"target\":[\"https:\/\/dachpol.cz\/blog\/kontakt\/\"]}]},{\"@type\":\"BreadcrumbList\",\"@id\":\"https:\/\/dachpol.cz\/blog\/kontakt\/#breadcrumb\",\"itemListElement\":[{\"@type\":\"ListItem\",\"position\":1,\"name\":\"Dom\\u016f\",\"item\":\"https:\/\/dachpol.cz\/blog\/\"},{\"@type\":\"ListItem\",\"position\":2,\"name\":\"Kontakt\"}]}]}<\/script>\n<!-- \/ Yoast SEO plugin. -->","yoast_head_json":{"title":"Kontakt - Dachpol - st\u0159echy z oceli","robots":{"index":"index","follow":"follow","max-snippet":"max-snippet:-1","max-image-preview":"max-image-preview:large","max-video-preview":"max-video-preview:-1"},"canonical":"https:\/\/dachpol.cz\/blog\/kontakt\/","og_locale":"cs_CZ","og_type":"article","og_title":"Kontakt - Dachpol - st\u0159echy z oceli","og_description":"Dachpol spol, s r.o. Obce Le\u017e\u00e1k\u016f ev. \u010d. 296 Chrudim &nbsp; &nbsp;","og_url":"https:\/\/dachpol.cz\/blog\/kontakt\/","og_site_name":"Dachpol - st\u0159echy z oceli","article_modified_time":"2023-02-11T12:33:32+00:00","og_image":[{"url":"https:\/\/dachpol.cz\/blog\/wp-content\/uploads\/2023\/02\/DJI_0357-1024x576.jpg"}],"twitter_card":"summary_large_image","twitter_misc":{"Odhadovan\u00e1 doba \u010dten\u00ed":"1 minuta"},"schema":{"@context":"https:\/\/schema.org","@graph":[{"@type":"WebSite","@id":"https:\/\/dachpol.cz\/blog\/#website","url":"https:\/\/dachpol.cz\/blog\/","name":"Dachpol - st\u0159echy z oceli","description":"St\u0159echa\u0159sk\u00e9 rady a porady","potentialAction":[{"@type":"SearchAction","target":{"@type":"EntryPoint","urlTemplate":"https:\/\/dachpol.cz\/blog\/?s={search_term_string}"},"query-input":"required name=search_term_string"}],"inLanguage":"cs"},{"@type":"ImageObject","@id":"https:\/\/dachpol.cz\/blog\/kontakt\/#primaryimage","inLanguage":"cs","url":"https:\/\/dachpol.cz\/blog\/wp-content\/uploads\/2023\/02\/DJI_0357-scaled.jpg","contentUrl":"https:\/\/dachpol.cz\/blog\/wp-content\/uploads\/2023\/02\/DJI_0357-scaled.jpg","width":2560,"height":1440,"caption":"DCIM\\100MEDIA\\DJI_0357.JPG"},{"@type":"WebPage","@id":"https:\/\/dachpol.cz\/blog\/kontakt\/#webpage","url":"https:\/\/dachpol.cz\/blog\/kontakt\/","name":"Kontakt - Dachpol - st\u0159echy z oceli","isPartOf":{"@id":"https:\/\/dachpol.cz\/blog\/#website"},"primaryImageOfPage":{"@id":"https:\/\/dachpol.cz\/blog\/kontakt\/#primaryimage"},"datePublished":"2021-10-22T21:46:38+00:00","dateModified":"2023-02-11T12:33:32+00:00","breadcrumb":{"@id":"https:\/\/dachpol.cz\/blog\/kontakt\/#breadcrumb"},"inLanguage":"cs","potentialAction":[{"@type":"ReadAction","target":["https:\/\/dachpol.cz\/blog\/kontakt\/"]}]},{"@type":"BreadcrumbList","@id":"https:\/\/dachpol.cz\/blog\/kontakt\/#breadcrumb","itemListElement":[{"@type":"ListItem","position":1,"name":"Dom\u016f","item":"https:\/\/dachpol.cz\/blog\/"},{"@type":"ListItem","position":2,"name":"Kontakt"}]}]}},"_links":{"self":[{"href":"https:\/\/dachpol.cz\/blog\/wp-json\/wp\/v2\/pages\/12"}],"collection":[{"href":"https:\/\/dachpol.cz\/blog\/wp-json\/wp\/v2\/pages"}],"about":[{"href":"https:\/\/dachpol.cz\/blog\/wp-json\/wp\/v2\/types\/page"}],"author":[{"embeddable":true,"href":"https:\/\/dachpol.cz\/blog\/wp-json\/wp\/v2\/users\/1"}],"replies":[{"embeddable":true,"href":"https:\/\/dachpol.cz\/blog\/wp-json\/wp\/v2\/comments?post=12"}],"version-history":[{"count":12,"href":"https:\/\/dachpol.cz\/blog\/wp-json\/wp\/v2\/pages\/12\/revisions"}],"predecessor-version":[{"id":527,"href":"https:\/\/dachpol.cz\/blog\/wp-json\/wp\/v2\/pages\/12\/revisions\/527"}],"wp:attachment":[{"href":"https:\/\/dachpol.cz\/blog\/wp-json\/wp\/v2\/media?parent=12"}],"curies":[{"name":"wp","href":"https:\/\/api.w.org\/{rel}","templated":true}]}}