{"id":11,"date":"2021-10-22T21:46:38","date_gmt":"2021-10-22T21:46:38","guid":{"rendered":"http:\/\/dachpol.cz\/blog\/?page_id=11"},"modified":"2022-01-28T11:08:09","modified_gmt":"2022-01-28T11:08:09","slug":"o-nas","status":"publish","type":"page","link":"https:\/\/dachpol.cz\/blog\/","title":{"rendered":"O n\u00e1s"},"content":{"rendered":"\n<h1>O n\u00e1s<\/h1>\n\n\n\n<figure class=\"wp-block-image size-large\"><img loading=\"lazy\" width=\"1024\" height=\"907\" src=\"https:\/\/dachpol.cz\/blog\/wp-content\/uploads\/2022\/01\/PEPIK-DACHPOlfoto-1024x907.jpg\" alt=\"\" class=\"wp-image-223\" srcset=\"https:\/\/dachpol.cz\/blog\/wp-content\/uploads\/2022\/01\/PEPIK-DACHPOlfoto-1024x907.jpg 1024w, https:\/\/dachpol.cz\/blog\/wp-content\/uploads\/2022\/01\/PEPIK-DACHPOlfoto-300x266.jpg 300w, https:\/\/dachpol.cz\/blog\/wp-content\/uploads\/2022\/01\/PEPIK-DACHPOlfoto-768x680.jpg 768w, https:\/\/dachpol.cz\/blog\/wp-content\/uploads\/2022\/01\/PEPIK-DACHPOlfoto-1536x1360.jpg 1536w, https:\/\/dachpol.cz\/blog\/wp-content\/uploads\/2022\/01\/PEPIK-DACHPOlfoto-2048x1814.jpg 2048w, https:\/\/dachpol.cz\/blog\/wp-content\/uploads\/2022\/01\/PEPIK-DACHPOlfoto-68x60.jpg 68w\" sizes=\"(max-width: 1024px) 100vw, 1024px\" \/><\/figure>\n\n\n\n<h3>Na\u0161e firma<\/h3>\n\n\n\n<p><strong>Ve stru\u010dnosti:<\/strong><\/p>\n\n\n\n<p>Jsme lid\u00e9 s bohat\u00fdmi zku\u0161enostmi&nbsp;s v\u00fdrobou a prodejem st\u0159e\u0161n\u00edch krytin.<\/p>\n\n\n\n<p>Pracujeme seri\u00f3zn\u011b, poctiv\u011b a jsme odborn\u00edci ve sv\u00e9m oboru.<\/p>\n\n\n\n<p>Vyr\u00e1b\u00edme pro v\u00e1s jen to nejlep\u0161\u00ed zbo\u017e\u00ed, a dod\u00e1v\u00e1me v\u00e1m ty nejkvalitn\u011bj\u0161\u00ed produkty od na\u0161ich dodavatel\u016f, za bezkonkuren\u010dn\u00ed ceny.<\/p>\n\n\n\n<p>Vyr\u00e1b\u00edme z premiov\u00e9ho materi\u00e1lu ze Skandin\u00e1vsk\u00e9 oceli<\/p>\n\n\n\n<p>(ocel\u00e1rny SSAB \u0160v\u00e9dsko&nbsp;<img loading=\"lazy\" width=\"35\" height=\"21\" src=\"http:\/\/dachpol.cz\/img\/cms\/1852_vlajka-svedsko-o-velikosti-90-x-150-cm%20(2).jpg\" alt=\"\">, Finsko&nbsp;<img loading=\"lazy\" width=\"35\" height=\"21\" src=\"http:\/\/dachpol.cz\/img\/cms\/fi.jpg\" alt=\"\">).<\/p>\n\n\n\n<p><strong>Cenovou nab\u00eddku a zam\u011b\u0159en\u00ed prov\u00e1d\u00edme ZDARMA.<\/strong><\/p>\n\n\n\n<p>Poskytujeme nejlep\u0161\u00ed technickou podporu staveb.<\/p>\n\n\n\n<p><strong>Z\u00e1ruku opravdu dodr\u017eujeme.<\/strong><\/p>\n\n\n\n<p>Pracujeme s nejlep\u0161\u00edm materi\u00e1lem na trhu Pural MATT a nab\u00edz\u00edme v\u00e1m jej za nejlep\u0161\u00ed cenu.<\/p>\n","protected":false},"excerpt":{"rendered":"<p>O n\u00e1s Na\u0161e firma Ve stru\u010dnosti: Jsme lid\u00e9 s bohat\u00fdmi zku\u0161enostmi&nbsp;s v\u00fdrobou a prodejem st\u0159e\u0161n\u00edch krytin. Pracujeme seri\u00f3zn\u011b, poctiv\u011b a jsme odborn\u00edci ve sv\u00e9m oboru. &hellip; <\/p>\n","protected":false},"author":1,"featured_media":0,"parent":0,"menu_order":0,"comment_status":"closed","ping_status":"closed","template":"","meta":{"ngg_post_thumbnail":0},"yoast_head":"<!-- This site is optimized with the Yoast SEO plugin v17.9 - https:\/\/yoast.com\/wordpress\/plugins\/seo\/ -->\n<title>O n\u00e1s - Dachpol - st\u0159echy z oceli<\/title>\n<meta name=\"description\" content=\"Jsme lid\u00e9 s bohat\u00fdmi zku\u0161enostmi\u00a0s v\u00fdrobou a prodejem st\u0159e\u0161n\u00edch krytin. Nejlep\u0161\u00ed zbo\u017e\u00ed, dod\u00e1v\u00e1me v\u00e1m ty nejkvalitn\u011bj\u0161\u00ed produkty, za bezkonkuren\u010dn\u00ed ceny.\" \/>\n<meta name=\"robots\" content=\"index, follow, max-snippet:-1, max-image-preview:large, max-video-preview:-1\" \/>\n<link rel=\"canonical\" href=\"https:\/\/dachpol.cz\/blog\/\" \/>\n<meta property=\"og:locale\" content=\"cs_CZ\" \/>\n<meta property=\"og:type\" content=\"article\" \/>\n<meta property=\"og:title\" content=\"O n\u00e1s - Dachpol - st\u0159echy z oceli\" \/>\n<meta property=\"og:description\" content=\"Jsme lid\u00e9 s bohat\u00fdmi zku\u0161enostmi\u00a0s v\u00fdrobou a prodejem st\u0159e\u0161n\u00edch krytin. Nejlep\u0161\u00ed zbo\u017e\u00ed, dod\u00e1v\u00e1me v\u00e1m ty nejkvalitn\u011bj\u0161\u00ed produkty, za bezkonkuren\u010dn\u00ed ceny.\" \/>\n<meta property=\"og:url\" content=\"https:\/\/dachpol.cz\/blog\/\" \/>\n<meta property=\"og:site_name\" content=\"Dachpol - st\u0159echy z oceli\" \/>\n<meta property=\"article:modified_time\" content=\"2022-01-28T11:08:09+00:00\" \/>\n<meta property=\"og:image\" content=\"https:\/\/dachpol.cz\/blog\/wp-content\/uploads\/2022\/01\/PEPIK-DACHPOlfoto-1024x907.jpg\" \/>\n<meta name=\"twitter:card\" content=\"summary_large_image\" \/>\n<meta name=\"twitter:label1\" content=\"Odhadovan\u00e1 doba \u010dten\u00ed\" \/>\n\t<meta name=\"twitter:data1\" content=\"2 minuty\" \/>\n<script type=\"application\/ld+json\" class=\"yoast-schema-graph\">{\"@context\":\"https:\/\/schema.org\",\"@graph\":[{\"@type\":\"WebSite\",\"@id\":\"https:\/\/dachpol.cz\/blog\/#website\",\"url\":\"https:\/\/dachpol.cz\/blog\/\",\"name\":\"Dachpol - st\\u0159echy z oceli\",\"description\":\"St\\u0159echa\\u0159sk\\u00e9 rady a porady\",\"potentialAction\":[{\"@type\":\"SearchAction\",\"target\":{\"@type\":\"EntryPoint\",\"urlTemplate\":\"https:\/\/dachpol.cz\/blog\/?s={search_term_string}\"},\"query-input\":\"required name=search_term_string\"}],\"inLanguage\":\"cs\"},{\"@type\":\"ImageObject\",\"@id\":\"https:\/\/dachpol.cz\/blog\/#primaryimage\",\"inLanguage\":\"cs\",\"url\":\"https:\/\/dachpol.cz\/blog\/wp-content\/uploads\/2022\/01\/PEPIK-DACHPOlfoto-scaled.jpg\",\"contentUrl\":\"https:\/\/dachpol.cz\/blog\/wp-content\/uploads\/2022\/01\/PEPIK-DACHPOlfoto-scaled.jpg\",\"width\":2560,\"height\":2267},{\"@type\":\"WebPage\",\"@id\":\"https:\/\/dachpol.cz\/blog\/#webpage\",\"url\":\"https:\/\/dachpol.cz\/blog\/\",\"name\":\"O n\\u00e1s - Dachpol - st\\u0159echy z oceli\",\"isPartOf\":{\"@id\":\"https:\/\/dachpol.cz\/blog\/#website\"},\"primaryImageOfPage\":{\"@id\":\"https:\/\/dachpol.cz\/blog\/#primaryimage\"},\"datePublished\":\"2021-10-22T21:46:38+00:00\",\"dateModified\":\"2022-01-28T11:08:09+00:00\",\"description\":\"Jsme lid\\u00e9 s bohat\\u00fdmi zku\\u0161enostmi\\u00a0s v\\u00fdrobou a prodejem st\\u0159e\\u0161n\\u00edch krytin. Nejlep\\u0161\\u00ed zbo\\u017e\\u00ed, dod\\u00e1v\\u00e1me v\\u00e1m ty nejkvalitn\\u011bj\\u0161\\u00ed produkty, za bezkonkuren\\u010dn\\u00ed ceny.\",\"breadcrumb\":{\"@id\":\"https:\/\/dachpol.cz\/blog\/#breadcrumb\"},\"inLanguage\":\"cs\",\"potentialAction\":[{\"@type\":\"ReadAction\",\"target\":[\"https:\/\/dachpol.cz\/blog\/\"]}]},{\"@type\":\"BreadcrumbList\",\"@id\":\"https:\/\/dachpol.cz\/blog\/#breadcrumb\",\"itemListElement\":[{\"@type\":\"ListItem\",\"position\":1,\"name\":\"Dom\\u016f\",\"item\":\"https:\/\/dachpol.cz\/blog\/\"},{\"@type\":\"ListItem\",\"position\":2,\"name\":\"O n\\u00e1s\"}]}]}<\/script>\n<!-- \/ Yoast SEO plugin. -->","yoast_head_json":{"title":"O n\u00e1s - Dachpol - st\u0159echy z oceli","description":"Jsme lid\u00e9 s bohat\u00fdmi zku\u0161enostmi\u00a0s v\u00fdrobou a prodejem st\u0159e\u0161n\u00edch krytin. Nejlep\u0161\u00ed zbo\u017e\u00ed, dod\u00e1v\u00e1me v\u00e1m ty nejkvalitn\u011bj\u0161\u00ed produkty, za bezkonkuren\u010dn\u00ed ceny.","robots":{"index":"index","follow":"follow","max-snippet":"max-snippet:-1","max-image-preview":"max-image-preview:large","max-video-preview":"max-video-preview:-1"},"canonical":"https:\/\/dachpol.cz\/blog\/","og_locale":"cs_CZ","og_type":"article","og_title":"O n\u00e1s - Dachpol - st\u0159echy z oceli","og_description":"Jsme lid\u00e9 s bohat\u00fdmi zku\u0161enostmi\u00a0s v\u00fdrobou a prodejem st\u0159e\u0161n\u00edch krytin. Nejlep\u0161\u00ed zbo\u017e\u00ed, dod\u00e1v\u00e1me v\u00e1m ty nejkvalitn\u011bj\u0161\u00ed produkty, za bezkonkuren\u010dn\u00ed ceny.","og_url":"https:\/\/dachpol.cz\/blog\/","og_site_name":"Dachpol - st\u0159echy z oceli","article_modified_time":"2022-01-28T11:08:09+00:00","og_image":[{"url":"https:\/\/dachpol.cz\/blog\/wp-content\/uploads\/2022\/01\/PEPIK-DACHPOlfoto-1024x907.jpg"}],"twitter_card":"summary_large_image","twitter_misc":{"Odhadovan\u00e1 doba \u010dten\u00ed":"2 minuty"},"schema":{"@context":"https:\/\/schema.org","@graph":[{"@type":"WebSite","@id":"https:\/\/dachpol.cz\/blog\/#website","url":"https:\/\/dachpol.cz\/blog\/","name":"Dachpol - st\u0159echy z oceli","description":"St\u0159echa\u0159sk\u00e9 rady a porady","potentialAction":[{"@type":"SearchAction","target":{"@type":"EntryPoint","urlTemplate":"https:\/\/dachpol.cz\/blog\/?s={search_term_string}"},"query-input":"required name=search_term_string"}],"inLanguage":"cs"},{"@type":"ImageObject","@id":"https:\/\/dachpol.cz\/blog\/#primaryimage","inLanguage":"cs","url":"https:\/\/dachpol.cz\/blog\/wp-content\/uploads\/2022\/01\/PEPIK-DACHPOlfoto-scaled.jpg","contentUrl":"https:\/\/dachpol.cz\/blog\/wp-content\/uploads\/2022\/01\/PEPIK-DACHPOlfoto-scaled.jpg","width":2560,"height":2267},{"@type":"WebPage","@id":"https:\/\/dachpol.cz\/blog\/#webpage","url":"https:\/\/dachpol.cz\/blog\/","name":"O n\u00e1s - Dachpol - st\u0159echy z oceli","isPartOf":{"@id":"https:\/\/dachpol.cz\/blog\/#website"},"primaryImageOfPage":{"@id":"https:\/\/dachpol.cz\/blog\/#primaryimage"},"datePublished":"2021-10-22T21:46:38+00:00","dateModified":"2022-01-28T11:08:09+00:00","description":"Jsme lid\u00e9 s bohat\u00fdmi zku\u0161enostmi\u00a0s v\u00fdrobou a prodejem st\u0159e\u0161n\u00edch krytin. Nejlep\u0161\u00ed zbo\u017e\u00ed, dod\u00e1v\u00e1me v\u00e1m ty nejkvalitn\u011bj\u0161\u00ed produkty, za bezkonkuren\u010dn\u00ed ceny.","breadcrumb":{"@id":"https:\/\/dachpol.cz\/blog\/#breadcrumb"},"inLanguage":"cs","potentialAction":[{"@type":"ReadAction","target":["https:\/\/dachpol.cz\/blog\/"]}]},{"@type":"BreadcrumbList","@id":"https:\/\/dachpol.cz\/blog\/#breadcrumb","itemListElement":[{"@type":"ListItem","position":1,"name":"Dom\u016f","item":"https:\/\/dachpol.cz\/blog\/"},{"@type":"ListItem","position":2,"name":"O n\u00e1s"}]}]}},"_links":{"self":[{"href":"https:\/\/dachpol.cz\/blog\/wp-json\/wp\/v2\/pages\/11"}],"collection":[{"href":"https:\/\/dachpol.cz\/blog\/wp-json\/wp\/v2\/pages"}],"about":[{"href":"https:\/\/dachpol.cz\/blog\/wp-json\/wp\/v2\/types\/page"}],"author":[{"embeddable":true,"href":"https:\/\/dachpol.cz\/blog\/wp-json\/wp\/v2\/users\/1"}],"replies":[{"embeddable":true,"href":"https:\/\/dachpol.cz\/blog\/wp-json\/wp\/v2\/comments?post=11"}],"version-history":[{"count":3,"href":"https:\/\/dachpol.cz\/blog\/wp-json\/wp\/v2\/pages\/11\/revisions"}],"predecessor-version":[{"id":224,"href":"https:\/\/dachpol.cz\/blog\/wp-json\/wp\/v2\/pages\/11\/revisions\/224"}],"wp:attachment":[{"href":"https:\/\/dachpol.cz\/blog\/wp-json\/wp\/v2\/media?parent=11"}],"curies":[{"name":"wp","href":"https:\/\/api.w.org\/{rel}","templated":true}]}}